{"id":17,"date":"2014-08-25T12:18:10","date_gmt":"2014-08-25T10:18:10","guid":{"rendered":"http:\/\/xmaz.de\/barrierefrei\/?page_id=17"},"modified":"2014-08-25T12:18:10","modified_gmt":"2014-08-25T10:18:10","slug":"skip-navigation-links","status":"publish","type":"page","link":"https:\/\/immocado.com\/barrierefrei\/skip-navigation-links\/","title":{"rendered":"\u201eNavigation \u00fcberspringen\u201c-Links"},"content":{"rendered":"<p>[Dies ist eine \u00dcbersetzung des englischsprachigen Artikels &#8222;<a href=\"http:\/\/webaim.org\/techniques\/skipnav\/\"rel=\"nofollow\">Skip Navigation Links<\/a>&#8222;. Copyright \u00a9 by www.Webaim.org]<\/p>\n<nav role=\"navigation\">\n<h2>Artikelinhalt<\/h2>\n<ol>\n<li><a href=\"#overview\">\u00dcberblick<\/a><\/li>\n<li><a href=\"#creating\">Navigation \u00fcberspringen\u201c-Links erstellen<\/a><\/li>\n<li><a href=\"#quirks\">Marotten des Browsers \/ Browser Quirks<\/a><\/li>\n<li><a href=\"#multiple\">Mehrere \u201eSkip\u201c-Links<\/a><\/li>\n<li><a href=\"#alternatives\">Alternativen zu \u201eNavigation \u00fcberspringen\u201c-Links<\/a><\/li>\n<\/ol>\n<div id=\"overview\" class=\"section\">\n<\/nav>\n<h2>\u00dcberblick<\/h2>\n<p>Der Hauptinhalt ist in der Regel nicht das erste, was auf einer Webseite steht. Tastatur- und Screenreader-Benutzer m\u00fcssen meistens eine lange Liste von Navigations-Links, Unterlisten von Links, Unternehmensicons, Webseiten-Suchen und anderen Elementen durchsuchen, bevor sie \u00fcberhaupt am Hauptinhalt ankommen. Dies ist f\u00fcr Anwender mit diversen Formen von motorischer Behinderung besonders schwierig.<\/p>\n<p>Ohne ein System zur Umgehung von langen Link-Listen haben einige Benutzer einen riesigen Nachteil. Betrachten wir Anwender, die ihre Arme nicht bewegen k\u00f6nnen und den Computer benutzen, indem sie mit ihren K\u00f6pfen auf einen Switch tippen, oder einen Stick in ihrem Mund benutzen, um Keyboard-Tasten zu dr\u00fccken. Zu erwarten, dass Anwender einen Vorgang mehrere hundert Male durchf\u00fchren, bevor sie den Hauptinhalt erreichen, ist einfach nicht akzeptabel.<\/p>\n<p>Nat\u00fcrlich haben die Menschen, die sehen und ihre Maus benutzen k\u00f6nnen, keine Probleme mit solchen Seiten. Sie k\u00f6nnen sofort die gesamte Seite betrachten und identifizieren, wo sich der Hauptinhalt befindet. In der Tat haben sehende Anwender einen eingebauten \u201eNavigation \u00fcberspringen\u201c-Mechanismus: ihre Augen. Sie k\u00f6nnen die vielen Links vor dem Hauptinhalt \u00fcberspringen und direkt mit der Maus auf den Link klicken, den sie sehen wollen. Die \u201eNavigation \u00fcberspringen\u201c-Idee wurde entwickelt, um den Screenreader- und Tastatur-Benutzern auch die F\u00e4higkeit zu geben, direkt zu dem Hauptinhalt zu gelangen, die sehende Mausbenutzer f\u00fcr selbstverst\u00e4ndlich halten.<\/p>\n<\/div>\n<div id=\"creating\" class=\"section\">\n<h2>\u201eNavigation \u00fcberspringen\u201c-Links erstellen<\/h2>\n<p>Die Idee ist einfach genug: ein Link am oberen Rand der Seite, der den Anwender runter zu einem Anker, oder zum Ziel am Anfang des Hauptinhaltes bringt. Meistens ist das wirklich so einfach, allerdings gibt es mehr als einen Weg, um das Ziel zu erreichen. Einige Techniken sind besser als andere. Die hier beschriebenen Techniken sind:<\/p>\n<ol>\n<li>Sichtbare Links oben auf der Seite bereitstellen<\/li>\n<li>Sichtbare Links an anderer Stelle auf der Seite bereitstellen<\/li>\n<li>Den Link unsichtbar machen<\/li>\n<li>Den Link so lange unsichtbar machen, bis er den Tastaturfokus erh\u00e4lt<\/li>\n<\/ol>\n<div id=\"visibletop\" class=\"section\">\n<h3>Sichtbare Links oben auf der Seite bereitstellen<\/h3>\n<p>Die einfachste Methode um einen \u201eNavigation \u00fcberspringen\u201c-Link zu erstellen, ist es, ihn als normalen Text an den oberen Rand der Seite zu platzieren. Legen Sie den dazugeh\u00f6rigen Anker (Ziel des Links) an den Anfang des Hauptinhaltes.<\/p>\n<p>Die horizontale Lage des Links ist nicht sehr wichtig. Der Link kann auf der linken Seite, in der Mitte, rechts, oder in einer Lage dazwischen sein. Der Schl\u00fcssel ist, <strong>sicherzustellen, dass der Link einer der ersten Elemente ist,<\/strong> den Screenreader-Benutzer h\u00f6ren und den Tastaturbenutzer erreichen. Andernfalls k\u00f6nnten die Benutzer nicht erkennen, dass es einen \u201eNavigation \u00fcberspringen\u201c-Link \u00fcberhaupt gibt und w\u00fcrden ihre Zeit damit verschwenden, sich durch das Durcheinander der fremden Links zu suchen. Nutzer von Bildschirmleseger\u00e4ten k\u00f6nnen besonders ungeduldig werden, wenn sie den \u201eNavigation \u00fcberspringen\u201c-Link nicht sehr fr\u00fch auf der Seite h\u00f6ren.<\/p>\n<p>Um optimal verwendbar zu sein, muss der Link auch visuell offensichtlich sein. Ein sehr kleiner oder versteckter Link nutzt den Benutzern nicht, die die \u201eSkip\u201c-Links am meisten ben\u00f6tigen &#8211; den sehenden Tastaturnutzern.<\/p>\n<p><strong>Fazit:<\/strong> Diese Methode funktioniert und ist in h\u00f6chstem Ma\u00dfe barrierefrei. Ein Nachteil dieses Ansatzes ist, dass der Link sehr aufdringlich zu designen ist \u2013 er muss sichtbar und ganz am Anfang der Seite sein. Au\u00dferdem wird der Link allen Benutzern angezeigt, auch den sehenden Mausbenutzern, welche den Link nicht verwenden k\u00f6nnen, oder m\u00f6glicherweise von ihm verwirrt werden k\u00f6nnen.<\/p>\n<div class=\"example\">\n<div class=\"title\">Beispiel<\/div>\n<p>Der Link ist das erste Element auf der Seite. Der Anker oder das Ziel des Links (wo der Link den Benutzer hinf\u00fchrt) ist am Anfange des Hauptinhaltes platziert.<\/p>\n<div class=\"programlisting\"><code><code><code><br \/>\n&lt;body&gt;<\/code><\/code><\/code>&lt;a href=&#8220;#maincontent&#8220;&gt;Zum Hauptinhalt springen&lt;\/a&gt;&#8230;<strong>&lt;main id=&#8220;maincontent&gt;<\/strong>&lt;h1&gt;<span lang=\"DE\">\u00dcberschrift<\/span>&lt;\/h1&gt;&lt;p&gt;<span lang=\"DE\">Dies ist der erste Paragraf<\/span>&lt;\/p&gt;<\/div>\n<p>Das Ziel wird durch seinen, zu dem id-Attributwert passenden, href-Wert (minus dem \u201e#\u201c) des \u201eSkip\u201c-Links identifiziert.<\/p>\n<p>Alternativ k\u00f6nnen Sie einen benannten Anker verwenden um das Ziel des Links zu identifizieren, obwohl benannte Anker nicht l\u00e4nger konform sind in HTML5.<\/p>\n<div class=\"programlisting\"><code><code><br \/>\n&lt;h1&gt;<strong>&lt;a name=\"maincontent\" id=\"maincontent\"&gt;&lt;\/a&gt;<\/strong>\u00a0\u00dcberschrift&lt;\/h1&gt;<\/code><\/code>&lt;p&gt;Dies ist der erste Paragraf&lt;\/p&gt;<\/div>\n<\/div>\n<\/div>\n<div id=\"invisible\" class=\"section\">\n<h3>Unsichtbare Links<\/h3>\n<p>Viele Entwickler machen sich Sorgen \u00fcber die \u00e4sthetische Wirkung von \u201eNavigation \u00fcberspringen\u201c-Links. Sie denken, dass diese Links nicht besonders attraktiv aussehen, dass sie das Layout \u201eruinieren\u201c, oder, dass sie einen k\u00fcnstlerischen Ausdruck bekommen. Es ist einfach zu behaupten, dass die Links Benutzer verwirren k\u00f6nnen, die diese nicht ben\u00f6tigen. W\u00e4hrend ein sichtbarer \u201eSkip\u201c-Link eine Art von einem deutlichen Engagement zur Barrierefreiheit darstellt, kann der Link visuell ausgeblendet werden.<\/p>\n<p>Es gibt ein paar Methoden, dies zu tun, aber es ist unerl\u00e4sslich, dass der Link weiterhin von allen Tastaturbenutzern, insbesondere von sehenden Tastaturbenutzern, verwendet werden kann. Dies bedeutet, dass der Link standardm\u00e4\u00dfig ausgeblendet werden sollte, aber dass er sichtbar wird, wenn er den Tastaturfokus erh\u00e4lt. Einige Techniken, wie den Inhalt permanent mit CSS zu verstecken, dem Link dieselbe Farbe wie dem Hintergrund zu geben, den Link auf 0 Pixel zu dimensionieren, oder ihn auf ein transparentes, einen Pixel gro\u00dfes Bild zu legen, erf\u00fcllen diese wichtigen Anforderungen nicht.<\/p>\n<p>Wahrscheinlich ist die am meisten barrierefreie Methode um \u201eSkip\u201c-Links visuell zu verstecken, diese au\u00dferhalb des Bildschirmes zu verstecken und daf\u00fcr zu sorgen, dass sie auf dem Bildschirm positioniert werden, wenn sie den Tastaturfokus erhalten.<\/p>\n<div class=\"important\">\n<div class=\"title\">Wichtig<\/div>\n<p>Sehen Sie sich den Artikel <a href=\"http:\/\/webaim.org\/techniques\/css\/invisiblecontent\/\"rel=\"nofollow\">Unsichtbarer Inhalt nur f\u00fcr Screenreader-Benutzer<\/a> an, f\u00fcr Details zur Verwendung von CSS zum Verbergen von \u201eSkip\u201c-Links au\u00dferhalb des Bildschirms.<\/p>\n<\/div>\n<p>Ein m\u00f6gliches Problem bei diesem Ansatz ist, dass wenn der Benutzer sehr schnell mit der Tab-Taste navigiert, wird der Link nur f\u00fcr den Bruchteil einer Sekunde auf der Seite sichtbar und kann \u00fcbersehen werden. Dies kann teilweise angegangen werden, durch die Gew\u00e4hrleistung, dass der \u201eSkip\u201c-Link auff\u00e4llig sichtbar oben auf der Seite steht. Zus\u00e4tzlich kann man Scripting von (optimaler Weise) CSS3-\u00dcberg\u00e4ngen verwenden, um den Link so zu animieren, dass er f\u00fcr einen bestimmten Zeitraum auf dem Bildschirm sichtbar bleibt.<\/p>\n<div class=\"note\">\n<div class=\"title\">Hinweis<\/div>\n<p>Sie k\u00f6nnen ein Beispiel von einem versteckten \u201eSkip\u201c-Link sehen, der bei Tastaturfokus sichtbar wird und eine CSS3 Animation hat, damit dieser auff\u00e4llig sichtbar ist und f\u00fcr einen Moment auf dieser Seite auf dem Bildschirm angezeigt wird. Navigieren Sie einfach mit der Tab-Taste durch die Links am Anfang dieser Seite und achten Sie auf den \u201eSkip\u201c-Link in der linken oberen Ecke des Bildschirms.<\/p>\n<\/div>\n<p><strong>Fazit:<\/strong> Diese Methode eignet sich gut f\u00fcr fast alle Nutzer. Sehende Mausbenutzer (die von dem Link keinen Nutzen haben), sehen diesen nicht, Screenreader-Nutzer h\u00f6ren den Link und sehende Tastaturbenutzer k\u00f6nnen den Link sehen, wenn Sie dorthin navigieren.<\/p>\n<\/div>\n<div id=\"wording\" class=\"section\">\n<h3>Welche Formulierung ist am besten?<\/h3>\n<p>Es gibt mehr als einen \u201ebesten\u201c Weg, um den Link zu benennen. Hier sind einige ziemlich h\u00e4ufige Beispiele:<\/p>\n<ul>\n<li>Navigation \u00fcberspringen<\/li>\n<li>Hauptnavigation \u00fcberspringen<\/li>\n<li>Navigations-Links \u00fcberspringen<\/li>\n<li>Zum Hauptinhalt springen<\/li>\n<li>Zum Inhalt springen<\/li>\n<\/ul>\n<p>Keine von diesen ist inh\u00e4rent besser als die anderen. Allgemein bevorzugen wir \u201eZum Hauptinhalt springen\u201c, da es erkl\u00e4rt, wohin sie navigieren gegen\u00fcber zu was sie \u00fcberspringen. Geringf\u00fcgige Abweichungen hierzu sind wahrscheinlich akzeptabel, wie \u201eTop-Navigation \u00fcberspringen\u201c. Werden Sie hier nicht zu kreativ, sonst k\u00f6nnten Benutzer nicht erkennen, was der Zweck des Links ist.<\/p>\n<\/div>\n<\/div>\n<div id=\"quirks\" class=\"section\">\n<h2>Marotten eines Browsers<\/h2>\n<p>\u201eNavigation \u00fcberspringen\u201c-Links haben so ein einfaches Konzept, dass es schwer zu glauben ist, dass es bei der Umsetzung Marotten des Browsers gibt, aber es gibt welche. Einige Browser unterst\u00fctzen In-Page-Links nicht vollst\u00e4ndig. W\u00e4hrend sie visuell den Fokus auf die Lage des Ziels oder des benannten Ankers f\u00fcr den \u201eSkip\u201c-Link setzen, wird der Tastaturfokus nicht tats\u00e4chlich auf diese Position gesetzt. Diese Fehler k\u00f6nnen m\u00f6glicherweise mithilfe von JavaScript behoben werden, indem der Fokus (mit Hilfe von JavaScript focus()) auf das Zielelement gesetzt wird.<\/p>\n<\/div>\n<div id=\"multiple\" class=\"section\">\n<h2>Mehrere \u201eSkip\u201c-Links<\/h2>\n<p>Was ist, wenn eine Seite mehrere Abschnitte und\/oder mehrere Schichten von Navigations-Links hat? Sollten Entwickler einen \u201eNavigation \u00fcberspringen\u201c-Link f\u00fcr jeden dieser Abschnitte, oder f\u00fcr jede Schicht der Navigations-Links erstellen? In den meisten F\u00e4llen ist dies nicht notwendig. Denken Sie daran, der Zweck von \u201eNavigation \u00fcberspringen\u201c-Links ist, die Unordnung der Linklisten zu reduzieren. Mehr Links hinzuzuf\u00fcgen erh\u00f6ht die Unordnung der Links.<br \/>\nEine bekannte US-Regierung hatte k\u00fcrzlich eine Website mit insgesamt neun verschiedenen \u201eNavigation \u00fcberspringen\u201c-Links (die Links sind mit CSS versteckt)<\/p>\n<ol>\n<li>Zum Inhalt springen<\/li>\n<li>Zur Regierungs-Suche springen<\/li>\n<li>Zur unteren Navigation springen<\/li>\n<li>Zur oberen, rechts ausgerichteten Navigationsleiste springen<\/li>\n<li>Zu Organisation springen<\/li>\n<li>Zu Regierung kontaktieren springen<\/li>\n<li>Zum Referenzzentrum springen<\/li>\n<li>Zu Informationen nach Themen springen<\/li>\n<li>Zu B\u00fcrger: online erledigen! Springen<\/li>\n<\/ol>\n<p>Hier stellt sich die Frage, ob sie nicht einen \u201eSkip-Links \u00fcberspringen\u201c-Link ben\u00f6tigen! Durch die Bereitstellung einer richtigen Dokumentgliederung, vielleicht mit der Benutzung von HTML5 Abschnittselementen und ARIA Landmarks und einer Vereinfachung der Seitenstruktur und Navigation, gen\u00fcgen in der Regel ein oder zwei \u201eSkip\u201c-Links.<\/p>\n<p>\u201eSkip\u201c-Links oder andere In-Page-Links k\u00f6nnen auch verwendet werden, um es Benutzern zu erm\u00f6glichen, zu bestimmten Inhalten, oder \u00fcber Inhalte hinweg zu springen. Das Inhaltsverzeichnis zu Beginn der Seite beinhaltet beispielsweise In-Page-Links, um die Navigation zu Seitenbereichen zu erleichtern. Ein \u201eSkip\u201c-Link kann auch verwendet werden, um es dem Benutzer zu erlauben, verwirrende oder m\u00f6glicherweise unzug\u00e4ngliche Inhalte, wie ASCII-Kunst, komplexe Tabellen, etc., zu \u00fcberspringen.<\/p>\n<\/div>\n<div id=\"alternatives\" class=\"section\">\n<h2>Alternativen zu \u201eNavigation \u00fcberspringen\u201c-Links<\/h2>\n<p>Die Wahrheit ist, dass \u201eNavigation \u00fcberspringen\u201c-Links eine ziemlich plumpe und aufdringliche L\u00f6sung zu einem echten Weltproblem sind. Sie funktionieren. Sie sind n\u00fctzlich, aber sie sind ein Bisschen wie ein Hack. Sie werden weiterhin n\u00fctzlich sein, bis ein mehr standardisiertes Verfahren zur Bestimmung der Differenz zwischen Navigation und Hauptinhalt entwickelt ist und vollst\u00e4ndig unterst\u00fctzt wird. Mit ARIA Landmarks und den HTML5-Elementen, ist man n\u00e4her an der Realit\u00e4t. Leider unterst\u00fctzt noch kein Browser die Tastaturnavigation \u00fcber diese Elemente vollst\u00e4ndig. Trotz dieser Einschr\u00e4nkungen, gibt es andere M\u00f6glichkeiten, wie man die Seitennavigation zus\u00e4tzlich zu \u201eSkip\u201c-Links erleichtern kann.<\/p>\n<div id=\"headings\" class=\"section\">\n<h3>Navigation nach \u00dcberschriften<\/h3>\n<p>Die n\u00fctzlichste Alternative ist, die Dokumente mit passenden \u00dcberschriften zu erstellen, so dass die Benutzer von \u00dcberschrift zu \u00dcberschrift springen k\u00f6nnen. Die meisten Bildschirmleseger\u00e4te erlauben es dem Benutzer, sich eine Liste von \u00dcberschriften, oder die einzelnen \u00dcberschriften eines Abschnitts anzuh\u00f6ren, sowie Abs\u00e4tze, Bilder, Links und andere Fremdinformationen zu \u00fcberspringen. Wenn Dokumente ordnungsgem\u00e4\u00df erstellt werden, k\u00f6nnen sie oft eine Gliederung von \u00dcberschriften bilden, welche nicht nur die M\u00f6glichkeit bietet, die Navigation zu \u00fcberspringen, sondern l\u00e4sst die Benutzer von Bildschirmleseger\u00e4ten die Hauptinhalte eines Dokuments \u00fcberfliegen, ohne den ganzen Text gelesen zu haben. Die \u00dcberschrift des Prim\u00e4rdokuments am Anfang des Hauptinhaltes definiert mit<br \/>\n<code>&lt;h1&gt;<\/code>, kann einen sehr schnellen Zugang zu Beginn des Hauptinhaltes liefern.<\/p>\n<p>Der einzige Nachteil bei diesem Ansatz ist, dass nur Screenreader-Benutzer Zugriff zu dieser Funktion haben. Browser unterst\u00fctzen diese Funktion nicht. Das bedeutet, dass sehende Tastaturbenutzer nicht so von Link zu Link springen k\u00f6nnen, wie es die Screenreader-Benutzer k\u00f6nnen.<\/p>\n<p><strong>Fazit: <\/strong> Diese Methode ist sehr effektiv f\u00fcr die Benutzer von Bildschirmleseger\u00e4ten, aber sehende Tastaturnutzer haben in der Regel keinen Vorteil davon. Da es aber viele Gr\u00fcnde gibt, \u00dcberschriften zu verwenden, ist diese Methode sehr zu empfehlen.<\/p>\n<\/div>\n<div id=\"altorders\" class=\"section\">\n<h3>Alternative Lesereihenfolgen<\/h3>\n<p>Einige Entwickler legen den Hauptinhalt zu Beginn der Lesereihenfolge und die Navigation ans Ende \u2013 in der Regel mit Hilfe von CSS, damit die Navigation als erstes auf der Seite sichtbar bleibt. Diese Methode macht \u201eNavigation \u00fcberspringen\u201c-Links unn\u00f6tig, aber es bringt eine andere Frage hervor. Sollten solche Seiten \u201eSpringe zur Navigation\u201c-Links bieten? Dies ist eine schwierige Frage. Links die Nutzer zur Navigation f\u00fchren sind unerwartet und k\u00f6nnen zu Verwirrung f\u00fchren. Mit oder ohne \u201eNavigation \u00fcberspringen\u201c-Links k\u00f6nnen Screenreader-Benutzer, die auf die Navigation zugreifen wollen, auf der Seite verloren gehen und sich fragen, ob es \u00fcberhaupt eine Navigation gibt.<\/p>\n<p>Dieser Ansatz f\u00fchrt zu einer sehr untypischen Navigation und Lesereihenfolge \u2013 und das kann sehr verwirrend sein, besonders f\u00fcr sehende Nutzer, die den Navigationsfokus verfolgen, der scheinbar auf der Seite umherspringt, anstatt am Anfang startet.<\/p>\n<p><strong>Fazit:<\/strong> Das Konzept kann n\u00fctzlich sein, aber die Benutzer k\u00f6nnen mit einer untypischen Lese- und Navigationsreihenfolge verwirrt werden.<\/p>\n<\/div>\n<\/div>\n<div id=\"related\">\n<h2>Verwandte Ressourcen<\/h2>\n<ul>\n<li><a href=\"http:\/\/webaim.org\/articles\/motor\"rel=\"nofollow\">motorische Behinderungen<\/a><\/li>\n<li><a href=\"http:\/\/webaim.org\/techniques\/hypertext\/\"rel=\"nofollow\">Links und Hypertext<\/a><\/li>\n<li><a href=\"http:\/\/webaim.org\/techniques\/css\/invisiblecontent\/\"rel=\"nofollow\">CSS in Aktion: Unsichtbarer Inhalt nur f\u00fcr Screenreader-Nutzer<\/a><\/li>\n<li><a href=\"http:\/\/webaim.org\/techniques\/javascript\/\"rel=\"nofollow\">Erstellen von barrierefreiem JavaScript<\/a><\/li>\n<li><a href=\"http:\/\/webaim.org\/techniques\/sitetools\/\"rel=\"nofollow\">Website-Suchen, Indizes und Site Maps<\/a><\/li>\n<\/ul>\n<\/div>\n<\/nav>\n","protected":false},"excerpt":{"rendered":"<p>[Dies ist eine \u00dcbersetzung des englischsprachigen Artikels &#8222;Skip Navigation Links&#8222;. Copyright \u00a9 by www.Webaim.org] Artikelinhalt \u00dcberblick Navigation \u00fcberspringen\u201c-Links erstellen Marotten des Browsers \/ Browser Quirks Mehrere \u201eSkip\u201c-Links Alternativen zu \u201eNavigation \u00fcberspringen\u201c-Links \u00dcberblick Der Hauptinhalt ist in der Regel nicht das erste, was auf einer Webseite steht. Tastatur- und Screenreader-Benutzer m\u00fcssen meistens eine lange Liste von [&hellip;]<\/p>\n","protected":false},"author":1,"featured_media":0,"parent":0,"menu_order":0,"comment_status":"closed","ping_status":"closed","template":"","meta":[],"_links":{"self":[{"href":"https:\/\/immocado.com\/barrierefrei\/wp-json\/wp\/v2\/pages\/17"}],"collection":[{"href":"https:\/\/immocado.com\/barrierefrei\/wp-json\/wp\/v2\/pages"}],"about":[{"href":"https:\/\/immocado.com\/barrierefrei\/wp-json\/wp\/v2\/types\/page"}],"author":[{"embeddable":true,"href":"https:\/\/immocado.com\/barrierefrei\/wp-json\/wp\/v2\/users\/1"}],"replies":[{"embeddable":true,"href":"https:\/\/immocado.com\/barrierefrei\/wp-json\/wp\/v2\/comments?post=17"}],"version-history":[{"count":1,"href":"https:\/\/immocado.com\/barrierefrei\/wp-json\/wp\/v2\/pages\/17\/revisions"}],"predecessor-version":[{"id":98,"href":"https:\/\/immocado.com\/barrierefrei\/wp-json\/wp\/v2\/pages\/17\/revisions\/98"}],"wp:attachment":[{"href":"https:\/\/immocado.com\/barrierefrei\/wp-json\/wp\/v2\/media?parent=17"}],"curies":[{"name":"wp","href":"https:\/\/api.w.org\/{rel}","templated":true}]}}